{"id":43,"date":"2018-10-04T12:33:57","date_gmt":"2018-10-04T12:33:57","guid":{"rendered":"https:\/\/fastenyourseatbelt.ro\/?page_id=43"},"modified":"2025-05-05T03:41:06","modified_gmt":"2025-05-05T03:41:06","slug":"prepare-for-take-off-other-189-places-of-my-traveling-soul","status":"publish","type":"page","link":"https:\/\/fastenyourseatbelt.ro\/?page_id=43","title":{"rendered":"Prepare for take-off! Other 189 places of my traveling soul"},"content":{"rendered":"<p><img loading=\"lazy\" decoding=\"async\" class=\"size-medium wp-image-60 alignleft\" src=\"https:\/\/fastenyourseatbelt.ro\/wp-content\/uploads\/2025\/05\/COPERTA-PREGATITI-VA-PENTRU-DECOLARE-300x189.jpg\" alt=\"\" width=\"300\" height=\"189\" srcset=\"https:\/\/fastenyourseatbelt.ro\/wp-content\/uploads\/2025\/05\/COPERTA-PREGATITI-VA-PENTRU-DECOLARE-300x189.jpg 300w, https:\/\/fastenyourseatbelt.ro\/wp-content\/uploads\/2025\/05\/COPERTA-PREGATITI-VA-PENTRU-DECOLARE-1024x646.jpg 1024w, https:\/\/fastenyourseatbelt.ro\/wp-content\/uploads\/2025\/05\/COPERTA-PREGATITI-VA-PENTRU-DECOLARE-768x485.jpg 768w, https:\/\/fastenyourseatbelt.ro\/wp-content\/uploads\/2025\/05\/COPERTA-PREGATITI-VA-PENTRU-DECOLARE-476x300.jpg 476w, https:\/\/fastenyourseatbelt.ro\/wp-content\/uploads\/2025\/05\/COPERTA-PREGATITI-VA-PENTRU-DECOLARE.jpg 1379w\" sizes=\"auto, (max-width: 300px) 100vw, 300px\" \/><img loading=\"lazy\" decoding=\"async\" class=\"size-medium wp-image-76 alignleft\" src=\"https:\/\/fastenyourseatbelt.ro\/wp-content\/uploads\/2025\/05\/prepare-1-300x200.jpg\" alt=\"\" width=\"300\" height=\"200\" srcset=\"https:\/\/fastenyourseatbelt.ro\/wp-content\/uploads\/2025\/05\/prepare-1-300x200.jpg 300w, https:\/\/fastenyourseatbelt.ro\/wp-content\/uploads\/2025\/05\/prepare-1-1024x681.jpg 1024w, https:\/\/fastenyourseatbelt.ro\/wp-content\/uploads\/2025\/05\/prepare-1-768x511.jpg 768w, https:\/\/fastenyourseatbelt.ro\/wp-content\/uploads\/2025\/05\/prepare-1-451x300.jpg 451w, https:\/\/fastenyourseatbelt.ro\/wp-content\/uploads\/2025\/05\/prepare-1.jpg 1375w\" sizes=\"auto, (max-width: 300px) 100vw, 300px\" \/> <img loading=\"lazy\" decoding=\"async\" class=\"size-medium wp-image-77 alignleft\" src=\"https:\/\/fastenyourseatbelt.ro\/wp-content\/uploads\/2025\/05\/prepare-2-300x200.jpg\" alt=\"\" width=\"300\" height=\"200\" srcset=\"https:\/\/fastenyourseatbelt.ro\/wp-content\/uploads\/2025\/05\/prepare-2-300x200.jpg 300w, https:\/\/fastenyourseatbelt.ro\/wp-content\/uploads\/2025\/05\/prepare-2-1024x682.jpg 1024w, https:\/\/fastenyourseatbelt.ro\/wp-content\/uploads\/2025\/05\/prepare-2-768x511.jpg 768w, https:\/\/fastenyourseatbelt.ro\/wp-content\/uploads\/2025\/05\/prepare-2-451x300.jpg 451w, https:\/\/fastenyourseatbelt.ro\/wp-content\/uploads\/2025\/05\/prepare-2.jpg 1373w\" sizes=\"auto, (max-width: 300px) 100vw, 300px\" \/> <img loading=\"lazy\" decoding=\"async\" class=\"size-medium wp-image-78 alignleft\" src=\"https:\/\/fastenyourseatbelt.ro\/wp-content\/uploads\/2025\/05\/prepare-3-300x199.jpg\" alt=\"\" width=\"300\" height=\"199\" srcset=\"https:\/\/fastenyourseatbelt.ro\/wp-content\/uploads\/2025\/05\/prepare-3-300x199.jpg 300w, https:\/\/fastenyourseatbelt.ro\/wp-content\/uploads\/2025\/05\/prepare-3-1024x680.jpg 1024w, https:\/\/fastenyourseatbelt.ro\/wp-content\/uploads\/2025\/05\/prepare-3-768x510.jpg 768w, https:\/\/fastenyourseatbelt.ro\/wp-content\/uploads\/2025\/05\/prepare-3-452x300.jpg 452w, https:\/\/fastenyourseatbelt.ro\/wp-content\/uploads\/2025\/05\/prepare-3.jpg 1375w\" sizes=\"auto, (max-width: 300px) 100vw, 300px\" \/> <img loading=\"lazy\" decoding=\"async\" class=\"size-medium wp-image-79 alignleft\" src=\"https:\/\/fastenyourseatbelt.ro\/wp-content\/uploads\/2025\/05\/prepare-4-300x199.jpg\" alt=\"\" width=\"300\" height=\"199\" srcset=\"https:\/\/fastenyourseatbelt.ro\/wp-content\/uploads\/2025\/05\/prepare-4-300x199.jpg 300w, https:\/\/fastenyourseatbelt.ro\/wp-content\/uploads\/2025\/05\/prepare-4-1024x680.jpg 1024w, https:\/\/fastenyourseatbelt.ro\/wp-content\/uploads\/2025\/05\/prepare-4-768x510.jpg 768w, https:\/\/fastenyourseatbelt.ro\/wp-content\/uploads\/2025\/05\/prepare-4-451x300.jpg 451w, https:\/\/fastenyourseatbelt.ro\/wp-content\/uploads\/2025\/05\/prepare-4.jpg 1374w\" sizes=\"auto, (max-width: 300px) 100vw, 300px\" \/>Am scris aceast\u0103 continuare la \u201ePune\u0163i-v\u0103 centura de siguran\u0163\u0103! (Fasten Your Seat Belt!)\u201d pentru to\u0163i cei dornici s\u0103 c\u0103l\u0103toreasc\u0103, fizic sau doar cu mintea, prin locurile minunate ale acestei planete. A fost, de fapt, dorin\u0163a mea de a da \u00eenapoi ceva energiei acesteia, care mi-a permis o via\u0163\u0103 at\u00e2t de plin\u0103. Fiecare plecare mi-a l\u0103sat \u00een suflet clipe mai vesele sau mai triste, a\u015fa cum bunica m\u0103 \u00eenv\u0103\u0163a, copil fiind, c\u0103 \u201e\u00een fiecare om s\u0103l\u0103\u015fluie\u015fte \u00een egal\u0103 m\u0103sur\u0103 binele \u015fi r\u0103ul \u015fi depinde doar de mine ceea ce voi primi\u201d. \u015ei pentru c\u0103 sunt iremediabil \u00eendr\u0103gostit de oameni, am realizat, nu o dat\u0103, c\u00e2t de importan\u0163i sunt cei pe care ai \u015fansa s\u0103-i \u00eent\u00e2lne\u015fti, diversitatea g\u0103sit\u0103 pretutindeni, fiind pentru mine cea mai de pre\u0163 bucurie. Am \u00een\u0163eles c\u0103 mii de lec\u0163ii pot fi \u00eenlocuite de o c\u0103l\u0103torie cu inima deschis\u0103, pentru c\u0103 ce sunt aceste drumuri altceva dec\u00e2t cursuri intensive de a deveni un om mai bun. \u00a0Oric\u00e2t de mult am c\u0103l\u0103torit \u00een lume, nu am descoperit vreun loc \u00een care s\u0103 fiu mai fericit \u0219i \u00eemplinit dec\u00e2t acas\u0103. G\u00e2ndul \u00eentoarcerii, leg\u0103tura cu originile neamului meu \u0219i amintirile calde ale copil\u0103riei ce mi-a umplut sufletul, mi-au dat \u00eentotdeauna energia unei bucurii secrete, a unei conexiuni ce m-a protejat oriunde \u0219i care nu poate fi pierdut\u0103 niciodat\u0103. Dac\u0103 ve\u0163i avea curiozitatea s\u0103 r\u0103sfoi\u0163i volumul, ve\u0163i g\u0103si aici, printer cele peste 1400 de imagini, exclusive amintiri personale, sincere, a\u015fa cum le-am p\u0103strat, pe fiecare dintre ele, \u00een sufletul meu.<\/p>\n<hr \/>\n<p>Prepare for take-off !\u00a0 Other 189 places of my traveling soul I wrote this sequel to \u201cFasten Your Seat Belt!\u201d for all those willing to travel, whether physically or only intellectually, along to the wonderful places on this planet. It was actually my desire to give something back to this energy which has allowed me to live such an eventful life. Each journey has left happier or sadder memories in my soul, as my grandmother taught me as a child that \u201cinside every man good and evil equally dwell and it depends only on me the reaction I will receive.\u201d And because I am hopelessly in love with people, I realized more than once that the important thing is who you are with and the ones you have the opportunity to meet, the diversity I\u2019ve found everywhere, being for me the most precious joy of a holiday. I understood that thousands of lessons can be replaced by a trip with an open heart, because what are these journeys other than intensive courses simply to become a better man. No matter how much I\u2019ve traveled around the world, I haven\u2019t found a place where to feel happier and fulfilled than at home. The thought of returning, the connection with my people\u2019s origin and the memories of a wonderful childhood that I keep deep inside in my soul, have always given me the energy of a secret joy, of a connection than protected me wherever I was, so strong that it can never be lost. If you will have the curiosity to browse through the pages, you will find here, along the over 1,400 images, exclusively, my personal memories, sincere and honest, as I kept each of them in my soul.<\/p>\n<p><strong>Drago\u0219 \u0218erban<\/strong><\/p>\n<p>&nbsp;<\/p>\n","protected":false},"excerpt":{"rendered":"<p>Am scris aceast\u0103 continuare la \u201ePune\u0163i-v\u0103 centura de siguran\u0163\u0103! (Fasten Your Seat Belt!)\u201d pentru to\u0163i cei dornici s\u0103 c\u0103l\u0103toreasc\u0103, fizic sau doar cu mintea, prin locurile minunate ale acestei planete. A fost, de fapt, dorin\u0163a mea de a da \u00eenapoi &hellip; <a href=\"https:\/\/fastenyourseatbelt.ro\/?page_id=43\">Continue reading <span class=\"meta-nav\">&rarr;<\/span><\/a><\/p>\n","protected":false},"author":1,"featured_media":0,"parent":0,"menu_order":0,"comment_status":"closed","ping_status":"closed","template":"","meta":{"footnotes":""},"class_list":["post-43","page","type-page","status-publish","hentry"],"_links":{"self":[{"href":"https:\/\/fastenyourseatbelt.ro\/index.php?rest_route=\/wp\/v2\/pages\/43","targetHints":{"allow":["GET"]}}],"collection":[{"href":"https:\/\/fastenyourseatbelt.ro\/index.php?rest_route=\/wp\/v2\/pages"}],"about":[{"href":"https:\/\/fastenyourseatbelt.ro\/index.php?rest_route=\/wp\/v2\/types\/page"}],"author":[{"embeddable":true,"href":"https:\/\/fastenyourseatbelt.ro\/index.php?rest_route=\/wp\/v2\/users\/1"}],"replies":[{"embeddable":true,"href":"https:\/\/fastenyourseatbelt.ro\/index.php?rest_route=%2Fwp%2Fv2%2Fcomments&post=43"}],"version-history":[{"count":2,"href":"https:\/\/fastenyourseatbelt.ro\/index.php?rest_route=\/wp\/v2\/pages\/43\/revisions"}],"predecessor-version":[{"id":83,"href":"https:\/\/fastenyourseatbelt.ro\/index.php?rest_route=\/wp\/v2\/pages\/43\/revisions\/83"}],"wp:attachment":[{"href":"https:\/\/fastenyourseatbelt.ro\/index.php?rest_route=%2Fwp%2Fv2%2Fmedia&parent=43"}],"curies":[{"name":"wp","href":"https:\/\/api.w.org\/{rel}","templated":true}]}}